{"id":432,"date":"2025-02-24T17:42:28","date_gmt":"2025-02-24T16:42:28","guid":{"rendered":"https:\/\/darelkahinadjerba.com\/?page_id=432"},"modified":"2026-02-04T12:03:18","modified_gmt":"2026-02-04T11:03:18","slug":"actualites","status":"publish","type":"page","link":"https:\/\/darelkahinadjerba.com\/en\/actualites\/","title":{"rendered":"BLOG"},"content":{"rendered":"\t\t<div data-elementor-type=\"wp-page\" data-elementor-id=\"432\" class=\"elementor elementor-432\" data-elementor-post-type=\"page\">\n\t\t\t\t<div class=\"elementor-element elementor-element-bcd9e60 e-flex e-con-boxed e-con e-parent\" data-id=\"bcd9e60\" data-element_type=\"container\" data-settings=\"{&quot;background_background&quot;:&quot;classic&quot;,&quot;shape_divider_bottom&quot;:&quot;wave-brush&quot;}\">\n\t\t\t\t\t<div class=\"e-con-inner\">\n\t\t\t\t<div class=\"elementor-shape elementor-shape-bottom\" aria-hidden=\"true\" data-negative=\"false\">\n\t\t\t<svg xmlns=\"http:\/\/www.w3.org\/2000\/svg\" viewBox=\"0 0 283.5 27.8\" preserveAspectRatio=\"none\">\n\t<path class=\"elementor-shape-fill\" d=\"M283.5,9.7c0,0-7.3,4.3-14,4.6c-6.8,0.3-12.6,0-20.9-1.5c-11.3-2-33.1-10.1-44.7-5.7\ts-12.1,4.6-18,7.4c-6.6,3.2-20,9.6-36.6,9.3C131.6,23.5,99.5,7.2,86.3,8c-1.4,0.1-6.6,0.8-10.5,2c-3.8,1.2-9.4,3.8-17,4.7\tc-3.2,0.4-8.3,1.1-14.2,0.9c-1.5-0.1-6.3-0.4-12-1.6c-5.7-1.2-11-3.1-15.8-3.7C6.5,9.2,0,10.8,0,10.8V0h283.5V9.7z M260.8,11.3\tc-0.7-1-2-0.4-4.3-0.4c-2.3,0-6.1-1.2-5.8-1.1c0.3,0.1,3.1,1.5,6,1.9C259.7,12.2,261.4,12.3,260.8,11.3z M242.4,8.6\tc0,0-2.4-0.2-5.6-0.9c-3.2-0.8-10.3-2.8-15.1-3.5c-8.2-1.1-15.8,0-15.1,0.1c0.8,0.1,9.6-0.6,17.6,1.1c3.3,0.7,9.3,2.2,12.4,2.7\tC239.9,8.7,242.4,8.6,242.4,8.6z M185.2,8.5c1.7-0.7-13.3,4.7-18.5,6.1c-2.1,0.6-6.2,1.6-10,2c-3.9,0.4-8.9,0.4-8.8,0.5\tc0,0.2,5.8,0.8,11.2,0c5.4-0.8,5.2-1.1,7.6-1.6C170.5,14.7,183.5,9.2,185.2,8.5z M199.1,6.9c0.2,0-0.8-0.4-4.8,1.1\tc-4,1.5-6.7,3.5-6.9,3.7c-0.2,0.1,3.5-1.8,6.6-3C197,7.5,199,6.9,199.1,6.9z M283,6c-0.1,0.1-1.9,1.1-4.8,2.5s-6.9,2.8-6.7,2.7\tc0.2,0,3.5-0.6,7.4-2.5C282.8,6.8,283.1,5.9,283,6z M31.3,11.6c0.1-0.2-1.9-0.2-4.5-1.2s-5.4-1.6-7.8-2C15,7.6,7.3,8.5,7.7,8.6\tC8,8.7,15.9,8.3,20.2,9.3c2.2,0.5,2.4,0.5,5.7,1.6S31.2,11.9,31.3,11.6z M73,9.2c0.4-0.1,3.5-1.6,8.4-2.6c4.9-1.1,8.9-0.5,8.9-0.8\tc0-0.3-1-0.9-6.2-0.3S72.6,9.3,73,9.2z M71.6,6.7C71.8,6.8,75,5.4,77.3,5c2.3-0.3,1.9-0.5,1.9-0.6c0-0.1-1.1-0.2-2.7,0.2\tC74.8,5.1,71.4,6.6,71.6,6.7z M93.6,4.4c0.1,0.2,3.5,0.8,5.6,1.8c2.1,1,1.8,0.6,1.9,0.5c0.1-0.1-0.8-0.8-2.4-1.3\tC97.1,4.8,93.5,4.2,93.6,4.4z M65.4,11.1c-0.1,0.3,0.3,0.5,1.9-0.2s2.6-1.3,2.2-1.2s-0.9,0.4-2.5,0.8C65.3,10.9,65.5,10.8,65.4,11.1\tz M34.5,12.4c-0.2,0,2.1,0.8,3.3,0.9c1.2,0.1,2,0.1,2-0.2c0-0.3-0.1-0.5-1.6-0.4C36.6,12.8,34.7,12.4,34.5,12.4z M152.2,21.1\tc-0.1,0.1-2.4-0.3-7.5-0.3c-5,0-13.6-2.4-17.2-3.5c-3.6-1.1,10,3.9,16.5,4.1C150.5,21.6,152.3,21,152.2,21.1z\"\/>\n\t<path class=\"elementor-shape-fill\" d=\"M269.6,18c-0.1-0.1-4.6,0.3-7.2,0c-7.3-0.7-17-3.2-16.6-2.9c0.4,0.3,13.7,3.1,17,3.3\tC267.7,18.8,269.7,18,269.6,18z\"\/>\n\t<path class=\"elementor-shape-fill\" d=\"M227.4,9.8c-0.2-0.1-4.5-1-9.5-1.2c-5-0.2-12.7,0.6-12.3,0.5c0.3-0.1,5.9-1.8,13.3-1.2\tS227.6,9.9,227.4,9.8z\"\/>\n\t<path class=\"elementor-shape-fill\" d=\"M204.5,13.4c-0.1-0.1,2-1,3.2-1.1c1.2-0.1,2,0,2,0.3c0,0.3-0.1,0.5-1.6,0.4\tC206.4,12.9,204.6,13.5,204.5,13.4z\"\/>\n\t<path class=\"elementor-shape-fill\" d=\"M201,10.6c0-0.1-4.4,1.2-6.3,2.2c-1.9,0.9-6.2,3.1-6.1,3.1c0.1,0.1,4.2-1.6,6.3-2.6\tS201,10.7,201,10.6z\"\/>\n\t<path class=\"elementor-shape-fill\" d=\"M154.5,26.7c-0.1-0.1-4.6,0.3-7.2,0c-7.3-0.7-17-3.2-16.6-2.9c0.4,0.3,13.7,3.1,17,3.3\tC152.6,27.5,154.6,26.8,154.5,26.7z\"\/>\n\t<path class=\"elementor-shape-fill\" d=\"M41.9,19.3c0,0,1.2-0.3,2.9-0.1c1.7,0.2,5.8,0.9,8.2,0.7c4.2-0.4,7.4-2.7,7-2.6\tc-0.4,0-4.3,2.2-8.6,1.9c-1.8-0.1-5.1-0.5-6.7-0.4S41.9,19.3,41.9,19.3z\"\/>\n\t<path class=\"elementor-shape-fill\" d=\"M75.5,12.6c0.2,0.1,2-0.8,4.3-1.1c2.3-0.2,2.1-0.3,2.1-0.5c0-0.1-1.8-0.4-3.4,0\tC76.9,11.5,75.3,12.5,75.5,12.6z\"\/>\n\t<path class=\"elementor-shape-fill\" d=\"M15.6,13.2c0-0.1,4.3,0,6.7,0.5c2.4,0.5,5,1.9,5,2c0,0.1-2.7-0.8-5.1-1.4\tC19.9,13.7,15.7,13.3,15.6,13.2z\"\/>\n<\/svg>\t\t<\/div>\n\t\t\t\t<div class=\"elementor-element elementor-element-a8b756f elementor-widget elementor-widget-heading\" data-id=\"a8b756f\" data-element_type=\"widget\" data-widget_type=\"heading.default\">\n\t\t\t\t<div class=\"elementor-widget-container\">\n\t\t\t\t\t<h2 class=\"elementor-heading-title elementor-size-default\">BLOG<\/h2>\t\t\t\t<\/div>\n\t\t\t\t<\/div>\n\t\t\t\t\t<\/div>\n\t\t\t\t<\/div>\n\t\t\t\t<section class=\"elementor-section elementor-top-section elementor-element elementor-element-a024833 elementor-section-full_width elementor-section-height-default elementor-section-height-default\" data-id=\"a024833\" data-element_type=\"section\" data-settings=\"{&quot;background_background&quot;:&quot;classic&quot;}\">\n\t\t\t\t\t\t<div class=\"elementor-container elementor-column-gap-default\">\n\t\t\t\t\t<div class=\"elementor-column elementor-col-100 elementor-top-column elementor-element elementor-element-52a16ac\" data-id=\"52a16ac\" data-element_type=\"column\">\n\t\t\t<div class=\"elementor-widget-wrap elementor-element-populated\">\n\t\t\t\t\t\t<div class=\"elementor-element elementor-element-439ef56 elementor-widget__width-initial elementor-widget elementor-widget-themo-blog\" data-id=\"439ef56\" data-element_type=\"widget\" data-widget_type=\"themo-blog.default\">\n\t\t\t\t<div class=\"elementor-widget-container\">\n\t\t\t\t\t\n                                <section class=\"th-masonry-blog th-blog-2-col\">\n\n                        <div class=\"mas-blog row\">\n                            <div class=\"mas-blog-post-sizer col-sm-6\"><\/div>\n                                                                                            <div class=\"mas-blog-post col-sm-6 post-9148 post type-post status-publish format-standard has-post-thumbnail hentry category-culture\">\n                                                <a href=\"https:\/\/darelkahinadjerba.com\/en\/2026\/02\/04\/eglise-catholique-saint-joseph-djerba\/\">\n            <img fetchpriority=\"high\" decoding=\"async\" width=\"2560\" height=\"2560\" src=\"https:\/\/darelkahinadjerba.com\/wp-content\/uploads\/2026\/02\/IMG_20260120_124543-scaled.jpg\" class=\"img-responsive wp-post-image\" alt=\"eglise-saint-joseph-djerba.jpg\" srcset=\"https:\/\/darelkahinadjerba.com\/wp-content\/uploads\/2026\/02\/IMG_20260120_124543-scaled.jpg 2560w, https:\/\/darelkahinadjerba.com\/wp-content\/uploads\/2026\/02\/IMG_20260120_124543-300x300.jpg 300w, https:\/\/darelkahinadjerba.com\/wp-content\/uploads\/2026\/02\/IMG_20260120_124543-1024x1024.jpg 1024w, https:\/\/darelkahinadjerba.com\/wp-content\/uploads\/2026\/02\/IMG_20260120_124543-150x150.jpg 150w, https:\/\/darelkahinadjerba.com\/wp-content\/uploads\/2026\/02\/IMG_20260120_124543-768x768.jpg 768w, https:\/\/darelkahinadjerba.com\/wp-content\/uploads\/2026\/02\/IMG_20260120_124543-1536x1536.jpg 1536w, https:\/\/darelkahinadjerba.com\/wp-content\/uploads\/2026\/02\/IMG_20260120_124543-2048x2048.jpg 2048w, https:\/\/darelkahinadjerba.com\/wp-content\/uploads\/2026\/02\/IMG_20260120_124543-12x12.jpg 12w, https:\/\/darelkahinadjerba.com\/wp-content\/uploads\/2026\/02\/IMG_20260120_124543-80x80.jpg 80w, https:\/\/darelkahinadjerba.com\/wp-content\/uploads\/2026\/02\/IMG_20260120_124543-394x394.jpg 394w, https:\/\/darelkahinadjerba.com\/wp-content\/uploads\/2026\/02\/IMG_20260120_124543-303x303.jpg 303w, https:\/\/darelkahinadjerba.com\/wp-content\/uploads\/2026\/02\/IMG_20260120_124543-605x605.jpg 605w, https:\/\/darelkahinadjerba.com\/wp-content\/uploads\/2026\/02\/IMG_20260120_124543-700x700.jpg 700w, https:\/\/darelkahinadjerba.com\/wp-content\/uploads\/2026\/02\/IMG_20260120_124543-950x950.jpg 950w, https:\/\/darelkahinadjerba.com\/wp-content\/uploads\/2026\/02\/IMG_20260120_124543-1080x1080.jpg 1080w, https:\/\/darelkahinadjerba.com\/wp-content\/uploads\/2026\/02\/IMG_20260120_124543-100x100.jpg 100w\" sizes=\"(max-width: 2560px) 100vw, 2560px\" \/>        <\/a>\n    \n<div class=\"post-inner\">\n    <h3 class=\"post-title\"><a href=\"https:\/\/darelkahinadjerba.com\/en\/2026\/02\/04\/eglise-catholique-saint-joseph-djerba\/\">Eglise Catholique Saint-Joseph Djerba<\/a><\/h3>\n\n    <div class=\"post-meta\">\n    <a href=\"https:\/\/darelkahinadjerba.com\/en\/category\/culture\/\" rel=\"category tag\">Culture<\/a><\/div>\n\n            <div class=\"entry-content post-excerpt\">\n            <p>\n                \u26ea L\u2019\u00e9glise Saint-Joseph de Djerba : un havre de paix au c\u0153ur de Houmt-Souk Au d\u00e9tour d\u2019une rue discr\u00e8te du centre de Houmt-Souk, se cache un lieu plein de douceur et de symboles : la petite \u00e9glise catholique Saint-Joseph.<br> Modeste[\u2026]            <\/p>\n        <\/div>\n            <div class=\"date-meta\">\n    <span class=\"thmv-author\">\n    <i class=\"xs-icon fa fa-calendar-o\"><\/i>\n    <!--div class=\"post-meta\"-->\n        <span class=\"themo-mas-date-meta show-author\"><a href=\"https:\/\/darelkahinadjerba.com\/en\/author\/isabelle\/\" title=\"Posts by isabelle\" rel=\"author\">isabelle<\/a><\/span>\n    <\/span>\n    \n        <time class=\"themo-mas-date-meta published thmv-date\" datetime=\"2026-02-04T11:56:55+01:00\">4 February 2026<\/time>\n            <!--\/div-->\n    <span class=\"is-sticky\">Featured Post<\/span>\n<\/div><\/div>\n                                <\/div>\n\n                                                                                            <div class=\"mas-blog-post col-sm-6 post-2440 post type-post status-publish format-standard has-post-thumbnail hentry category-culture\">\n                                                <a href=\"https:\/\/darelkahinadjerba.com\/en\/2025\/03\/26\/la-synagogue-de-la-ghriba\/\">\n            <img decoding=\"async\" width=\"1920\" height=\"2560\" src=\"https:\/\/darelkahinadjerba.com\/wp-content\/uploads\/2025\/06\/ghriba-scaled.jpg\" class=\"img-responsive wp-post-image\" alt=\"\" srcset=\"https:\/\/darelkahinadjerba.com\/wp-content\/uploads\/2025\/06\/ghriba-scaled.jpg 1920w, https:\/\/darelkahinadjerba.com\/wp-content\/uploads\/2025\/06\/ghriba-225x300.jpg 225w, https:\/\/darelkahinadjerba.com\/wp-content\/uploads\/2025\/06\/ghriba-768x1024.jpg 768w, https:\/\/darelkahinadjerba.com\/wp-content\/uploads\/2025\/06\/ghriba-1152x1536.jpg 1152w, https:\/\/darelkahinadjerba.com\/wp-content\/uploads\/2025\/06\/ghriba-1536x2048.jpg 1536w, https:\/\/darelkahinadjerba.com\/wp-content\/uploads\/2025\/06\/ghriba-60x80.jpg 60w, https:\/\/darelkahinadjerba.com\/wp-content\/uploads\/2025\/06\/ghriba-227x303.jpg 227w, https:\/\/darelkahinadjerba.com\/wp-content\/uploads\/2025\/06\/ghriba-605x806.jpg 605w, https:\/\/darelkahinadjerba.com\/wp-content\/uploads\/2025\/06\/ghriba-525x700.jpg 525w, https:\/\/darelkahinadjerba.com\/wp-content\/uploads\/2025\/06\/ghriba-713x950.jpg 713w, https:\/\/darelkahinadjerba.com\/wp-content\/uploads\/2025\/06\/ghriba-810x1080.jpg 810w, https:\/\/darelkahinadjerba.com\/wp-content\/uploads\/2025\/06\/ghriba-32x42.jpg 32w, https:\/\/darelkahinadjerba.com\/wp-content\/uploads\/2025\/06\/ghriba-600x800.jpg 600w\" sizes=\"(max-width: 1920px) 100vw, 1920px\" \/>        <\/a>\n    \n<div class=\"post-inner\">\n    <h3 class=\"post-title\"><a href=\"https:\/\/darelkahinadjerba.com\/en\/2025\/03\/26\/la-synagogue-de-la-ghriba\/\">La Synagogue de la Ghriba<\/a><\/h3>\n\n    <div class=\"post-meta\">\n    <a href=\"https:\/\/darelkahinadjerba.com\/en\/category\/culture\/\" rel=\"category tag\">Culture<\/a><\/div>\n\n            <div class=\"entry-content post-excerpt\">\n            <p>\n                La Synagogue de la Ghriba : Un Tr\u00e9sor Historique et Spirituel \u00e0 Djerba La Synagogue de la Ghriba : Un Tr\u00e9sor Historique et Spirituel \u00e0 Djerba Plongez au c\u0153ur de l&rsquo;\u00eele enchanteresse de Djerba, en Tunisie, et d\u00e9couvrez un lieu[\u2026]            <\/p>\n        <\/div>\n            <div class=\"date-meta\">\n    <span class=\"thmv-author\">\n    <i class=\"xs-icon fa fa-calendar-o\"><\/i>\n    <!--div class=\"post-meta\"-->\n        <span class=\"themo-mas-date-meta show-author\"><a href=\"https:\/\/darelkahinadjerba.com\/en\/author\/isabelle\/\" title=\"Posts by isabelle\" rel=\"author\">isabelle<\/a><\/span>\n    <\/span>\n    \n        <time class=\"themo-mas-date-meta published thmv-date\" datetime=\"2025-03-26T16:38:44+01:00\">26 March 2025<\/time>\n            <!--\/div-->\n    <span class=\"is-sticky\">Featured Post<\/span>\n<\/div><\/div>\n                                <\/div>\n\n                                                                                            <div class=\"mas-blog-post col-sm-6 post-1430 post type-post status-publish format-standard has-post-thumbnail hentry category-cuisne tag-cuisine-tunisienne\">\n                                                <a href=\"https:\/\/darelkahinadjerba.com\/en\/2025\/03\/16\/recette-du-riz-djerbien\/\">\n            <img decoding=\"async\" width=\"1920\" height=\"2560\" src=\"https:\/\/darelkahinadjerba.com\/wp-content\/uploads\/2025\/06\/IMG_20240728_220028-scaled.jpg\" class=\"img-responsive wp-post-image\" alt=\"Riz djerbien aux fruits de mer traditionnel de Djerba\" srcset=\"https:\/\/darelkahinadjerba.com\/wp-content\/uploads\/2025\/06\/IMG_20240728_220028-scaled.jpg 1920w, https:\/\/darelkahinadjerba.com\/wp-content\/uploads\/2025\/06\/IMG_20240728_220028-225x300.jpg 225w, https:\/\/darelkahinadjerba.com\/wp-content\/uploads\/2025\/06\/IMG_20240728_220028-768x1024.jpg 768w, https:\/\/darelkahinadjerba.com\/wp-content\/uploads\/2025\/06\/IMG_20240728_220028-1152x1536.jpg 1152w, https:\/\/darelkahinadjerba.com\/wp-content\/uploads\/2025\/06\/IMG_20240728_220028-1536x2048.jpg 1536w, https:\/\/darelkahinadjerba.com\/wp-content\/uploads\/2025\/06\/IMG_20240728_220028-60x80.jpg 60w, https:\/\/darelkahinadjerba.com\/wp-content\/uploads\/2025\/06\/IMG_20240728_220028-227x303.jpg 227w, https:\/\/darelkahinadjerba.com\/wp-content\/uploads\/2025\/06\/IMG_20240728_220028-605x806.jpg 605w, https:\/\/darelkahinadjerba.com\/wp-content\/uploads\/2025\/06\/IMG_20240728_220028-525x700.jpg 525w, https:\/\/darelkahinadjerba.com\/wp-content\/uploads\/2025\/06\/IMG_20240728_220028-713x950.jpg 713w, https:\/\/darelkahinadjerba.com\/wp-content\/uploads\/2025\/06\/IMG_20240728_220028-810x1080.jpg 810w, https:\/\/darelkahinadjerba.com\/wp-content\/uploads\/2025\/06\/IMG_20240728_220028-32x42.jpg 32w, https:\/\/darelkahinadjerba.com\/wp-content\/uploads\/2025\/06\/IMG_20240728_220028-600x800.jpg 600w\" sizes=\"(max-width: 1920px) 100vw, 1920px\" \/>        <\/a>\n    \n<div class=\"post-inner\">\n    <h3 class=\"post-title\"><a href=\"https:\/\/darelkahinadjerba.com\/en\/2025\/03\/16\/recette-du-riz-djerbien\/\">Recette du riz djerbien aux fruits de mer<\/a><\/h3>\n\n    <div class=\"post-meta\">\n    <a href=\"https:\/\/darelkahinadjerba.com\/en\/category\/cuisne\/\" rel=\"category tag\">Cuisne<\/a><\/div>\n\n            <div class=\"entry-content post-excerpt\">\n            <p>\n                Recette du riz djerbien aux fruits de mer Riz Djerbien \u00e0 la vapeur, l\u00e9gume et viande Le riz djerbien est un plat d\u00e9licieux et parfum\u00e9 originaire de l&rsquo;\u00eele de Djerba en Tunisie.<br> Cette recette traditionnelle marie harmonieusement le riz avec[\u2026]            <\/p>\n        <\/div>\n            <div class=\"date-meta\">\n    <span class=\"thmv-author\">\n    <i class=\"xs-icon fa fa-calendar-o\"><\/i>\n    <!--div class=\"post-meta\"-->\n        <span class=\"themo-mas-date-meta show-author\"><a href=\"https:\/\/darelkahinadjerba.com\/en\/author\/isabelle\/\" title=\"Posts by isabelle\" rel=\"author\">isabelle<\/a><\/span>\n    <\/span>\n    \n        <time class=\"themo-mas-date-meta published thmv-date\" datetime=\"2025-03-16T12:23:28+01:00\">16 March 2025<\/time>\n            <!--\/div-->\n    <span class=\"is-sticky\">Featured Post<\/span>\n<\/div><\/div>\n                                <\/div>\n\n                            \n                        <\/div>\n                                            <\/section>\n\n                    \t\t\t\t<\/div>\n\t\t\t\t<\/div>\n\t\t\t\t\t<\/div>\n\t\t<\/div>\n\t\t\t\t\t<\/div>\n\t\t<\/section>\n\t\t\t\t<\/div>\n\t\t","protected":false},"excerpt":{"rendered":"<p>BLOG Eglise Catholique Saint-Joseph Djerba Culture \u26ea L\u2019\u00e9glise Saint-Joseph de Djerba : un havre de paix au c\u0153ur de Houmt-Souk Au d\u00e9tour d\u2019une rue discr\u00e8te du centre de Houmt-Souk, se cache un lieu plein de douceur et de symboles :[\u2026]<\/p>\n","protected":false},"author":1,"featured_media":7493,"parent":0,"menu_order":10,"comment_status":"closed","ping_status":"closed","template":"","meta":{"remove_blocks_before_content":false,"remove_blocks_after_content":false,"disable_reading_progress_bar":false,"footnotes":""},"class_list":["post-432","page","type-page","status-publish","has-post-thumbnail","hentry"],"aioseo_notices":[],"_links":{"self":[{"href":"https:\/\/darelkahinadjerba.com\/en\/wp-json\/wp\/v2\/pages\/432","targetHints":{"allow":["GET"]}}],"collection":[{"href":"https:\/\/darelkahinadjerba.com\/en\/wp-json\/wp\/v2\/pages"}],"about":[{"href":"https:\/\/darelkahinadjerba.com\/en\/wp-json\/wp\/v2\/types\/page"}],"author":[{"embeddable":true,"href":"https:\/\/darelkahinadjerba.com\/en\/wp-json\/wp\/v2\/users\/1"}],"replies":[{"embeddable":true,"href":"https:\/\/darelkahinadjerba.com\/en\/wp-json\/wp\/v2\/comments?post=432"}],"version-history":[{"count":129,"href":"https:\/\/darelkahinadjerba.com\/en\/wp-json\/wp\/v2\/pages\/432\/revisions"}],"predecessor-version":[{"id":9170,"href":"https:\/\/darelkahinadjerba.com\/en\/wp-json\/wp\/v2\/pages\/432\/revisions\/9170"}],"wp:featuredmedia":[{"embeddable":true,"href":"https:\/\/darelkahinadjerba.com\/en\/wp-json\/wp\/v2\/media\/7493"}],"wp:attachment":[{"href":"https:\/\/darelkahinadjerba.com\/en\/wp-json\/wp\/v2\/media?parent=432"}],"curies":[{"name":"wp","href":"https:\/\/api.w.org\/{rel}","templated":true}]}}